{"id":7,"date":"2025-07-08T14:26:40","date_gmt":"2025-07-08T12:26:40","guid":{"rendered":"http:\/\/louemonbateau.com\/?page_id=7"},"modified":"2026-02-11T16:15:56","modified_gmt":"2026-02-11T15:15:56","slug":"page-accueil","status":"publish","type":"page","link":"http:\/\/louemonbateau.com\/index.php\/page-accueil\/","title":{"rendered":"Page Accueil"},"content":{"rendered":"\t\t<div data-elementor-type=\"wp-page\" data-elementor-id=\"7\" class=\"elementor elementor-7\">\n\t\t\t\t<div class=\"elementor-element elementor-element-7dd5870 e-flex e-con-boxed e-con e-parent\" data-id=\"7dd5870\" data-element_type=\"container\">\n\t\t\t\t\t<div class=\"e-con-inner\">\n\t\t\t\t<div class=\"elementor-element elementor-element-72028ca elementor-widget elementor-widget-image\" data-id=\"72028ca\" data-element_type=\"widget\" data-widget_type=\"image.default\">\n\t\t\t\t<div class=\"elementor-widget-container\">\n\t\t\t\t\t\t\t\t\t\t\t\t\t\t\t<img fetchpriority=\"high\" decoding=\"async\" width=\"768\" height=\"532\" src=\"http:\/\/louemonbateau.com\/wp-content\/uploads\/2025\/10\/65314077731d8-l-768x532.jpg\" class=\"attachment-medium_large size-medium_large wp-image-25\" alt=\"\" srcset=\"http:\/\/louemonbateau.com\/wp-content\/uploads\/2025\/10\/65314077731d8-l-768x532.jpg 768w, http:\/\/louemonbateau.com\/wp-content\/uploads\/2025\/10\/65314077731d8-l-300x208.jpg 300w, http:\/\/louemonbateau.com\/wp-content\/uploads\/2025\/10\/65314077731d8-l-1024x710.jpg 1024w, http:\/\/louemonbateau.com\/wp-content\/uploads\/2025\/10\/65314077731d8-l.jpg 1440w\" sizes=\"(max-width: 768px) 100vw, 768px\" \/>\t\t\t\t\t\t\t\t\t\t\t\t\t\t\t<\/div>\n\t\t\t\t<\/div>\n\t\t\t\t<div class=\"elementor-element elementor-element-2212f16 elementor-widget elementor-widget-heading\" data-id=\"2212f16\" data-element_type=\"widget\" data-widget_type=\"heading.default\">\n\t\t\t\t<div class=\"elementor-widget-container\">\n\t\t\t\t\t<h1 class=\"elementor-heading-title elementor-size-default\">Location bateau (SAXDOR 320gto), \u00e0 la journ\u00e9e avec ou sans skiper !<\/h1>\t\t\t\t<\/div>\n\t\t\t\t<\/div>\n\t\t\t\t<div class=\"elementor-element elementor-element-a313e8f elementor-widget elementor-widget-text-editor\" data-id=\"a313e8f\" data-element_type=\"widget\" data-widget_type=\"text-editor.default\">\n\t\t\t\t<div class=\"elementor-widget-container\">\n\t\t\t\t\t\t\t\t\t<p>Mise \u00e0 disposition et livraison de Banyuls-sur-Mer au Cap d&#8217;Agde. \u00c0 partir de<strong> 3 200\u20ac<\/strong> <strong>TTC<\/strong> pour 1 journ\u00e9e (skiper, frais livraison et carburant inclus)<\/p><p>Location \u00e0 la semaine ou au mois\u202f? Merci de faire votre demande \u00e0 l&#8217;adresse mail ci-dessous pour nous contacter.<\/p><p><strong>louemonbateau1@gmail.com<\/strong><\/p>\t\t\t\t\t\t\t\t<\/div>\n\t\t\t\t<\/div>\n\t\t<div class=\"elementor-element elementor-element-0ec0b02 e-con-full e-flex e-con e-child\" data-id=\"0ec0b02\" data-element_type=\"container\">\n\t\t<div class=\"elementor-element elementor-element-d9750cc e-grid e-con-full e-con e-child\" data-id=\"d9750cc\" data-element_type=\"container\">\n\t\t\t\t<div class=\"elementor-element elementor-element-03ec418 elementor-widget elementor-widget-image\" data-id=\"03ec418\" data-element_type=\"widget\" data-widget_type=\"image.default\">\n\t\t\t\t<div class=\"elementor-widget-container\">\n\t\t\t\t\t\t\t\t\t\t\t\t\t\t\t<img decoding=\"async\" width=\"1024\" height=\"680\" src=\"http:\/\/louemonbateau.com\/wp-content\/uploads\/2025\/10\/66a3688680ef8-l-1024x680.jpg\" class=\"attachment-large size-large wp-image-27\" alt=\"\" srcset=\"http:\/\/louemonbateau.com\/wp-content\/uploads\/2025\/10\/66a3688680ef8-l-1024x680.jpg 1024w, http:\/\/louemonbateau.com\/wp-content\/uploads\/2025\/10\/66a3688680ef8-l-300x199.jpg 300w, http:\/\/louemonbateau.com\/wp-content\/uploads\/2025\/10\/66a3688680ef8-l-768x510.jpg 768w, http:\/\/louemonbateau.com\/wp-content\/uploads\/2025\/10\/66a3688680ef8-l.jpg 1440w\" sizes=\"(max-width: 1024px) 100vw, 1024px\" \/>\t\t\t\t\t\t\t\t\t\t\t\t\t\t\t<\/div>\n\t\t\t\t<\/div>\n\t\t\t\t<div class=\"elementor-element elementor-element-1f50f73 elementor-widget elementor-widget-image\" data-id=\"1f50f73\" data-element_type=\"widget\" data-widget_type=\"image.default\">\n\t\t\t\t<div class=\"elementor-widget-container\">\n\t\t\t\t\t\t\t\t\t\t\t\t\t\t\t<img decoding=\"async\" width=\"1000\" height=\"625\" src=\"http:\/\/louemonbateau.com\/wp-content\/uploads\/2025\/10\/1-saxdor320gto.webp\" class=\"attachment-large size-large wp-image-30\" alt=\"\" srcset=\"http:\/\/louemonbateau.com\/wp-content\/uploads\/2025\/10\/1-saxdor320gto.webp 1000w, http:\/\/louemonbateau.com\/wp-content\/uploads\/2025\/10\/1-saxdor320gto-300x188.webp 300w, http:\/\/louemonbateau.com\/wp-content\/uploads\/2025\/10\/1-saxdor320gto-768x480.webp 768w\" sizes=\"(max-width: 1000px) 100vw, 1000px\" \/>\t\t\t\t\t\t\t\t\t\t\t\t\t\t\t<\/div>\n\t\t\t\t<\/div>\n\t\t\t\t<div class=\"elementor-element elementor-element-a104343 elementor-widget elementor-widget-image\" data-id=\"a104343\" data-element_type=\"widget\" data-widget_type=\"image.default\">\n\t\t\t\t<div class=\"elementor-widget-container\">\n\t\t\t\t\t\t\t\t\t\t\t\t\t\t\t<img loading=\"lazy\" decoding=\"async\" width=\"1024\" height=\"682\" src=\"http:\/\/louemonbateau.com\/wp-content\/uploads\/2025\/10\/SAXDOR320GTO-1024x682.webp\" class=\"attachment-large size-large wp-image-29\" alt=\"\" srcset=\"http:\/\/louemonbateau.com\/wp-content\/uploads\/2025\/10\/SAXDOR320GTO-1024x682.webp 1024w, http:\/\/louemonbateau.com\/wp-content\/uploads\/2025\/10\/SAXDOR320GTO-300x200.webp 300w, http:\/\/louemonbateau.com\/wp-content\/uploads\/2025\/10\/SAXDOR320GTO-768x512.webp 768w, http:\/\/louemonbateau.com\/wp-content\/uploads\/2025\/10\/SAXDOR320GTO-1536x1023.webp 1536w, http:\/\/louemonbateau.com\/wp-content\/uploads\/2025\/10\/SAXDOR320GTO.webp 2048w\" sizes=\"(max-width: 1024px) 100vw, 1024px\" \/>\t\t\t\t\t\t\t\t\t\t\t\t\t\t\t<\/div>\n\t\t\t\t<\/div>\n\t\t\t\t<\/div>\n\t\t\t\t<\/div>\n\t\t\t\t<div class=\"elementor-element elementor-element-3de0387 elementor-widget elementor-widget-text-editor\" data-id=\"3de0387\" data-element_type=\"widget\" data-widget_type=\"text-editor.default\">\n\t\t\t\t<div class=\"elementor-widget-container\">\n\t\t\t\t\t\t\t\t\t<p>Actua Rent location bateau de plaisance.<\/p>\t\t\t\t\t\t\t\t<\/div>\n\t\t\t\t<\/div>\n\t\t\t\t\t<\/div>\n\t\t\t\t<\/div>\n\t\t\t\t<\/div>\n\t\t","protected":false},"excerpt":{"rendered":"<p>Location bateau (SAXDOR 320gto), \u00e0 la journ\u00e9e avec ou sans skiper ! Mise \u00e0 disposition et livraison de Banyuls-sur-Mer au Cap d&#8217;Agde. \u00c0 partir de 3 200\u20ac TTC pour 1 journ\u00e9e (skiper, frais livraison et carburant inclus) Location \u00e0 la semaine ou au mois\u202f? Merci de faire votre demande \u00e0 l&#8217;adresse mail ci-dessous pour nous&#8230;<\/p>\n","protected":false},"author":1,"featured_media":0,"parent":0,"menu_order":0,"comment_status":"closed","ping_status":"closed","template":"","meta":{"_kad_post_transparent":"","_kad_post_title":"hide","_kad_post_layout":"fullwidth","_kad_post_sidebar_id":"","_kad_post_content_style":"unboxed","_kad_post_vertical_padding":"hide","_kad_post_feature":"hide","_kad_post_feature_position":"","_kad_post_header":false,"_kad_post_footer":false,"footnotes":""},"class_list":["post-7","page","type-page","status-publish","hentry"],"_links":{"self":[{"href":"http:\/\/louemonbateau.com\/index.php\/wp-json\/wp\/v2\/pages\/7","targetHints":{"allow":["GET"]}}],"collection":[{"href":"http:\/\/louemonbateau.com\/index.php\/wp-json\/wp\/v2\/pages"}],"about":[{"href":"http:\/\/louemonbateau.com\/index.php\/wp-json\/wp\/v2\/types\/page"}],"author":[{"embeddable":true,"href":"http:\/\/louemonbateau.com\/index.php\/wp-json\/wp\/v2\/users\/1"}],"replies":[{"embeddable":true,"href":"http:\/\/louemonbateau.com\/index.php\/wp-json\/wp\/v2\/comments?post=7"}],"version-history":[{"count":17,"href":"http:\/\/louemonbateau.com\/index.php\/wp-json\/wp\/v2\/pages\/7\/revisions"}],"predecessor-version":[{"id":42,"href":"http:\/\/louemonbateau.com\/index.php\/wp-json\/wp\/v2\/pages\/7\/revisions\/42"}],"wp:attachment":[{"href":"http:\/\/louemonbateau.com\/index.php\/wp-json\/wp\/v2\/media?parent=7"}],"curies":[{"name":"wp","href":"https:\/\/api.w.org\/{rel}","templated":true}]}}